{"id":177,"date":"2020-03-15T12:37:59","date_gmt":"2020-03-15T11:37:59","guid":{"rendered":"http:\/\/expateam.com\/?page_id=177"},"modified":"2021-03-21T19:58:22","modified_gmt":"2021-03-21T18:58:22","slug":"firma","status":"publish","type":"page","link":"https:\/\/expateam.com\/ru\/opieka\/firma\/","title":{"rendered":"Informacja o firmie"},"content":{"rendered":"<div>\n<h1><strong style=\"font-size: 16px;\"><img fetchpriority=\"high\" decoding=\"async\" class=\"alignnone wp-image-321\" src=\"http:\/\/expateam.com\/wp-content\/uploads\/2020\/09\/IMG_Expateam-scaled-300x213.jpg\" alt=\"\" width=\"570\" height=\"405\" srcset=\"https:\/\/expateam.com\/wp-content\/uploads\/2020\/09\/IMG_Expateam-scaled-300x213.jpg 300w, https:\/\/expateam.com\/wp-content\/uploads\/2020\/09\/IMG_Expateam-scaled-1024x726.jpg 1024w, https:\/\/expateam.com\/wp-content\/uploads\/2020\/09\/IMG_Expateam-scaled-768x545.jpg 768w, https:\/\/expateam.com\/wp-content\/uploads\/2020\/09\/IMG_Expateam-scaled-1536x1090.jpg 1536w, https:\/\/expateam.com\/wp-content\/uploads\/2020\/09\/IMG_Expateam-scaled-2048x1453.jpg 2048w\" sizes=\"(max-width: 570px) 100vw, 570px\" \/><\/strong><\/h1>\n<\/div>\n<div class=\"pagecontent\">\n<p><strong>Mi\u0119dzynarodowa Sp\u00f3\u0142dzielnia Us\u0142ugowa EXPATEAM<\/strong> istnieje od 2006 i jest osob\u0105 prawn\u0105, wpisan\u0105 przez S\u0105d Rejonowy Wroc\u0142aw Fabryczna do Krajowego Rejestru S\u0105dowego. Numer wpisu w KRS: <a href=\"http:\/\/www.expateam.com\/downloads\/krs.pdf\" target=\"_blank\" rel=\"noopener noreferrer\"><strong>0000261100<\/strong><\/a><\/p>\n<p><strong>Siedziba<\/strong><br \/>\nul. Armii Krajowej 51A<br \/>\n59-900 Zgorzelec<\/p>\n<p><span style=\"font-size: 14pt;\"><strong>Zarz\u0105d<\/strong><\/span><br \/>\nAktualnie zarz\u0105d Sp\u00f3\u0142dzielni jest pe\u0142niony jednoosobowo przez prezesa;<br \/>\nPrezes zarz\u0105du &#8212; Waldemar Ko\u015bciukiewicz<\/p>\n<p><strong><span style=\"font-size: 14pt;\">Rada Nadzorcza<\/span><\/strong><br \/>\nW\u0142adys\u0142aw Szurek<br \/>\nLeszek Ferszka<br \/>\nS\u0142awomir Koz\u0142owski<br \/>\nWilhelm Sojka<\/p>\n<p>&nbsp;<\/p>\n<\/div>\n","protected":false},"excerpt":{"rendered":"<p>Mi\u0119dzynarodowa Sp\u00f3\u0142dzielnia Us\u0142ugowa EXPATEAM istnieje od 2006 i jest osob\u0105 prawn\u0105, wpisan\u0105 przez S\u0105d Rejonowy Wroc\u0142aw Fabryczna do Krajowego Rejestru S\u0105dowego. Numer wpisu w KRS: 0000261100 Siedziba ul. Armii Krajowej 51A 59-900 Zgorzelec Zarz\u0105d Aktualnie zarz\u0105d Sp\u00f3\u0142dzielni jest pe\u0142niony jednoosobowo przez prezesa; Prezes zarz\u0105du &#8212; Waldemar Ko\u015bciukiewicz Rada Nadzorcza W\u0142adys\u0142aw Szurek Leszek Ferszka S\u0142awomir Koz\u0142owski [&hellip;]<\/p>\n","protected":false},"author":1,"featured_media":0,"parent":1770,"menu_order":17,"comment_status":"closed","ping_status":"closed","template":"","meta":{"_acf_changed":false,"footnotes":""},"tags":[],"class_list":["post-177","page","type-page","status-publish","hentry"],"translation":{"provider":"WPGlobus","version":"3.0.0","language":"ru","enabled_languages":["pl","en","de","ru"],"languages":{"pl":{"title":true,"content":true,"excerpt":false},"en":{"title":false,"content":false,"excerpt":false},"de":{"title":true,"content":true,"excerpt":false},"ru":{"title":false,"content":false,"excerpt":false}}},"acf":[],"_links":{"self":[{"href":"https:\/\/expateam.com\/ru\/wp-json\/wp\/v2\/pages\/177","targetHints":{"allow":["GET"]}}],"collection":[{"href":"https:\/\/expateam.com\/ru\/wp-json\/wp\/v2\/pages"}],"about":[{"href":"https:\/\/expateam.com\/ru\/wp-json\/wp\/v2\/types\/page"}],"author":[{"embeddable":true,"href":"https:\/\/expateam.com\/ru\/wp-json\/wp\/v2\/users\/1"}],"replies":[{"embeddable":true,"href":"https:\/\/expateam.com\/ru\/wp-json\/wp\/v2\/comments?post=177"}],"version-history":[{"count":7,"href":"https:\/\/expateam.com\/ru\/wp-json\/wp\/v2\/pages\/177\/revisions"}],"predecessor-version":[{"id":1951,"href":"https:\/\/expateam.com\/ru\/wp-json\/wp\/v2\/pages\/177\/revisions\/1951"}],"up":[{"embeddable":true,"href":"https:\/\/expateam.com\/ru\/wp-json\/wp\/v2\/pages\/1770"}],"wp:attachment":[{"href":"https:\/\/expateam.com\/ru\/wp-json\/wp\/v2\/media?parent=177"}],"wp:term":[{"taxonomy":"post_tag","embeddable":true,"href":"https:\/\/expateam.com\/ru\/wp-json\/wp\/v2\/tags?post=177"}],"curies":[{"name":"wp","href":"https:\/\/api.w.org\/{rel}","templated":true}]}}