{"id":171,"date":"2020-03-15T12:36:17","date_gmt":"2020-03-15T11:36:17","guid":{"rendered":"http:\/\/expateam.com\/?page_id=171"},"modified":"2025-12-22T09:29:13","modified_gmt":"2025-12-22T08:29:13","slug":"wspolpraca","status":"publish","type":"page","link":"https:\/\/expateam.com\/de\/wspolpraca\/","title":{"rendered":"Arbeitsgemeinschaften der Genossenschaft EXPATEAM"},"content":{"rendered":"<p><strong>Dank der Zusammenarbeit mit unseren ARGE-Partner sind wir flexibel und leistungsstark<br \/>\n<\/strong><\/p>\n<p>Wir sind ein Bau- und Montageunternehmen, welches in Form einer eingetragenen Genossenschaft betrieben wird. Wir arbeiten auf Baustellen in Deutschland mit anderen Unternehmen aus Osteuropa eng zusammen.\u00a0 Die Werkvertrage mit den Kunden schlie\u00dft die Genossenschaft ab aber die anderen Firmen, ob Einzelnunternehmer oder Betriebe, die gewerbliches Personal besch\u00e4ftigen, werden in den Gesch\u00e4ftsablauf als ARGE-Partner eingebunden. Durch die Verbindung der Kapazit\u00e4ten unserer Partner mit unserer Erfahrung auf dem deutschen Markt\u00a0 sind wir in der Lage gr\u00f6ssere Projekte in verschiedenen Branchen bundesweit zu f\u00fchren.<\/p>\n<p>Eine Arbeitsgemeinschaft ist Personengesellschaft aber kein Unternehmen. Eine nachhaltige Erbringung von Leistungen durch die ARGE wird von vornherein nicht vorgesehen. Die ARGE wird nur zum Zwecke der gemeinsamen Ausf\u00fchrung eines bestimmten Werkvertrages gegr\u00fcndet. Wenn der Partner im Zeitpunkt des Abschlusses des Werkvertrages noch nicht beteiligt ist oder die ARGE erst sp\u00e4ter entsteht,\u00a0 ist er ein stiller Gesellschafter.<\/p>\n<p><span style=\"font-size: 12pt;\"><em>&#8222;Stille Beteiligungen sind sowohl bei Kapitalgesellschaften\u00a0 als auch bei Personengesellschaften als Instrument [..] m\u00f6glich. Da es kaum zwingende gesetzliche Vorschriften zur stillen Gesellschaft gibt, k\u00f6nnen die H\u00f6he der Gewinnbeteiligung ebenso wie Mitspracherechte und andere wesentliche Punkte vergleichsweise frei vereinbart werden. \u201eStill\u201c ist die Gesellschaft, weil sie nach au\u00dfen nicht in Erscheinung tritt.&#8220; \/www.rosepartner.de\/<\/em><\/span><\/p>\n<p>Ein stilles ARGE-Mitglied haftet nur gegen\u00fcber seinen Mitgesellschaftern. Er kann keine Forderungen gegen\u00fcber dem Kunden geltend machen, aber auch der Kunde kann ihn nicht in Haftung nehmen bzw. f\u00fcr ihn z.B. als B\u00fcrge in Haftung genommen werden. Der Auftragnehmer des Kunden ist nur die Genossenschaft EXPATEAM, die den Auftrag im eigenen Namen annimt.<br \/>\nDie EXPATEAM-ARGE ist keine Bietergemeinschaft. Die Partner der Genossenschaft EXPATEAM sind aus Sicht des Kunden nur Erf\u00fcllungsgehilfen des Auftragnehmers. Sie sind aber keine Nachunternehmer, weil der ARGE-Vertrag ein Geselschaftsvertrag ist, der sie nicht nur mit der Genossenschaft sonder auch mit anderen ARGE-Partnern bindet.<br \/>\nNach Beendigung des Werkvertrages ist der Zweck der ARGE erf\u00fcllt und somit geht auch deren Aktivit\u00e4t zu Ende. Danach bleibt als alleiniger Rechtsnachfolger und Gew\u00e4hrleistungstr\u00e4ger die Genossenschaft.<\/p>\n","protected":false},"excerpt":{"rendered":"<p>Dank der Zusammenarbeit mit unseren ARGE-Partner sind wir flexibel und leistungsstark Wir sind ein Bau- und Montageunternehmen, welches in Form einer eingetragenen Genossenschaft betrieben wird. Wir arbeiten auf Baustellen in Deutschland mit anderen Unternehmen aus Osteuropa eng zusammen.\u00a0 Die Werkvertrage mit den Kunden schlie\u00dft die Genossenschaft ab aber die anderen Firmen, ob Einzelnunternehmer oder Betriebe, [&hellip;]<\/p>\n","protected":false},"author":1,"featured_media":282,"parent":0,"menu_order":8,"comment_status":"closed","ping_status":"closed","template":"","meta":{"_acf_changed":false,"footnotes":""},"tags":[],"class_list":["post-171","page","type-page","status-publish","has-post-thumbnail","hentry"],"translation":{"provider":"WPGlobus","version":"3.0.0","language":"de","enabled_languages":["pl","en","de","ru"],"languages":{"pl":{"title":true,"content":true,"excerpt":false},"en":{"title":true,"content":true,"excerpt":false},"de":{"title":true,"content":true,"excerpt":false},"ru":{"title":false,"content":false,"excerpt":false}}},"acf":[],"_links":{"self":[{"href":"https:\/\/expateam.com\/de\/wp-json\/wp\/v2\/pages\/171","targetHints":{"allow":["GET"]}}],"collection":[{"href":"https:\/\/expateam.com\/de\/wp-json\/wp\/v2\/pages"}],"about":[{"href":"https:\/\/expateam.com\/de\/wp-json\/wp\/v2\/types\/page"}],"author":[{"embeddable":true,"href":"https:\/\/expateam.com\/de\/wp-json\/wp\/v2\/users\/1"}],"replies":[{"embeddable":true,"href":"https:\/\/expateam.com\/de\/wp-json\/wp\/v2\/comments?post=171"}],"version-history":[{"count":16,"href":"https:\/\/expateam.com\/de\/wp-json\/wp\/v2\/pages\/171\/revisions"}],"predecessor-version":[{"id":5152,"href":"https:\/\/expateam.com\/de\/wp-json\/wp\/v2\/pages\/171\/revisions\/5152"}],"wp:featuredmedia":[{"embeddable":true,"href":"https:\/\/expateam.com\/de\/wp-json\/wp\/v2\/media\/282"}],"wp:attachment":[{"href":"https:\/\/expateam.com\/de\/wp-json\/wp\/v2\/media?parent=171"}],"wp:term":[{"taxonomy":"post_tag","embeddable":true,"href":"https:\/\/expateam.com\/de\/wp-json\/wp\/v2\/tags?post=171"}],"curies":[{"name":"wp","href":"https:\/\/api.w.org\/{rel}","templated":true}]}}