{"id":3671,"date":"2023-08-29T15:32:05","date_gmt":"2023-08-29T13:32:05","guid":{"rendered":"https:\/\/expateam.com\/personel-2-copy\/"},"modified":"2024-08-20T10:16:30","modified_gmt":"2024-08-20T08:16:30","slug":"personel-2-copy","status":"publish","type":"page","link":"http:\/\/expateam.com\/ru\/personel-2-copy\/","title":{"rendered":"\u041e\u0442\u043f\u0440\u0430\u0432\u0438\u0442\u044c \u0437\u0430\u043f\u0440\u043e\u0441 \u043d\u0430 \u043f\u0435\u0440\u0441\u043e\u043d\u0430\u043b"},"content":{"rendered":"<p><strong>Klienci \/ pracodawcy<\/strong><br \/>\nProsimy o okre\u015blenie swoich potrzeb &#8212; niezale\u017cnie czy chodzi o nasze us\u0142ugi rekrutacyjne, us\u0142ugi udost\u0119pniania pracownik\u00f3w, czy o zorganizowanie grupy podwykonawc\u00f3w, do\u0142o\u017cymy wszelkich stara\u0144, aby spe\u0142ni\u0107 Pa\u0144stwa oczekiwania. Aby temu sprosta\u0107 potrzebujemy mo\u017cliwie dok\u0142adn\u0105 informacj\u0119. Prosimy wype\u0142ni\u0107 wszystkie pola formularza zg\u0142oszeniowego!<br \/>\n[wys\u0142anie zg\u0142oszenia nie rodzi \u017cadnych zobowi\u0105za\u0144]<\/p>\n<p><strong>Clients \/ Employers<\/strong><br \/>\nPlease let us know what you require &#8212; are you interested in labour supply or contractor services, we do our best to satisfy you needs. What we need from you is possibly detailed information. Please complete all fields of the contact form!<br \/>\n[Data transfer causes no obligation]<\/p>\n<p><strong>Kunden \/ Arbeitgeber<br \/>\n<\/strong>Bitte informieren Sie uns, was Sie ben\u00f6tigen &#8212; egal, ob Sie Interesse f\u00fcr Personalvermittlung oder Nachunternehmerleistungen haben, werden wir unser bestes tun, um Ihrem Bedarf entgegen zu kommen. Was wir von Ihnen brauchen, ist m\u00f6glichst genaue Information. Bitte f\u00fcllen Sie alle Felder des Kontaktformulars aus!<br \/>\n[\u0170bermittlung der Nachricht ist unverbindlich]<\/p>\n<p>&nbsp;<\/p>\n\n<div class=\"wpcf7 no-js\" id=\"wpcf7-f552-o1\" lang=\"pl-PL\" dir=\"ltr\" data-wpcf7-id=\"552\">\n<div class=\"screen-reader-response\"><p role=\"status\" aria-live=\"polite\" aria-atomic=\"true\"><\/p> <ul><\/ul><\/div>\n<form action=\"\/ru\/wp-json\/wp\/v2\/pages\/3671#wpcf7-f552-o1\" method=\"post\" class=\"wpcf7-form init\" aria-label=\"Formularz kontaktowy\" novalidate=\"novalidate\" data-status=\"init\">\n<div style=\"display: none;\">\n<input type=\"hidden\" name=\"_wpcf7\" value=\"552\" \/>\n<input type=\"hidden\" name=\"_wpcf7_version\" value=\"6.0.6\" \/>\n<input type=\"hidden\" name=\"_wpcf7_locale\" value=\"pl_PL\" \/>\n<input type=\"hidden\" name=\"_wpcf7_unit_tag\" value=\"wpcf7-f552-o1\" \/>\n<input type=\"hidden\" name=\"_wpcf7_container_post\" value=\"0\" \/>\n<input type=\"hidden\" name=\"_wpcf7_posted_data_hash\" value=\"\" \/>\n<input type=\"hidden\" name=\"_wpcf7_recaptcha_response\" value=\"\" \/>\n<\/div>\n<div class=\"uacf7-form-552  \"><div class=\"form-row\">\n  <div class=\"col-md-4\">\n    <label>Rodzaj pracy:<br\/>Kind of work:<br\/>T\u00e4tigkeit:<\/label>\n  <\/div>\n <div class=\"col-md-8\">\n  <span class=\"wpcf7-form-control-wrap\" data-name=\"rodzaj-pracy\"><input size=\"40\" maxlength=\"400\" class=\"wpcf7-form-control wpcf7-text wpcf7-validates-as-required form-control\" aria-required=\"true\" aria-invalid=\"false\" value=\"\" type=\"text\" name=\"rodzaj-pracy\" \/><\/span>\n  <\/div>\n<\/div>\n<div class=\"form-row\">\n  <div class=\"col-md-4\">\n    <label>Miejsce pracy:<br\/>Place of work:<br\/>Einsatzort:<\/label>\n  <\/div>\n <div class=\"col-md-8\">\n  <span class=\"wpcf7-form-control-wrap\" data-name=\"miejsce-pracy\"><input size=\"40\" maxlength=\"400\" class=\"wpcf7-form-control wpcf7-text wpcf7-validates-as-required form-control\" aria-required=\"true\" aria-invalid=\"false\" value=\"\" type=\"text\" name=\"miejsce-pracy\" \/><\/span>\n  <\/div>\n<\/div>\n<div class=\"form-row\">\n  <div class=\"col-md-4\">\n    <label>Rozpocz\u0119cie:<br\/>Starting date:<br\/>Beginn:<\/label>\n  <\/div>\n <div class=\"col-md-8\">\n  <span class=\"wpcf7-form-control-wrap\" data-name=\"rozpoczecie\"><input size=\"40\" maxlength=\"400\" class=\"wpcf7-form-control wpcf7-text wpcf7-validates-as-required form-control\" aria-required=\"true\" aria-invalid=\"false\" value=\"\" type=\"text\" name=\"rozpoczecie\" \/><\/span>\n  <\/div>\n<\/div>\n<div class=\"form-row\">\n  <div class=\"col-md-4\">\n    <label>Ilo\u015b\u0107 Os\u00f3b:<br\/>Number of workers:<\/br>Anzahl der Fachkr\u00e4fte:<\/label>\n  <\/div>\n <div class=\"col-md-8\">\n  <span class=\"wpcf7-form-control-wrap\" data-name=\"iloscosob\"><input size=\"40\" maxlength=\"400\" class=\"wpcf7-form-control wpcf7-text wpcf7-validates-as-required form-control\" aria-required=\"true\" aria-invalid=\"false\" value=\"\" type=\"text\" name=\"iloscosob\" \/><\/span>\n  <\/div>\n<\/div>\n<div class=\"form-row\">\n  <div class=\"col-md-4\">\n    <label>Forma zatrudnienia:<br\/>Kind of employment:<br\/>Besch\u00e4ftigungstyp:<\/label>\n  <\/div>\n <div class=\"col-md-8\">\n<span class=\"wpcf7-form-control-wrap\" data-name=\"forma-zatrudnienia\"><span class=\"wpcf7-form-control wpcf7-radio\"><span class=\"wpcf7-list-item first\"><label><input type=\"radio\" name=\"forma-zatrudnienia\" value=\"podwykonawca \/ contractor \/ Subunternehmer\" checked=\"checked\" \/><span class=\"wpcf7-list-item-label\">podwykonawca \/ contractor \/ Subunternehmer<\/span><\/label><\/span><span class=\"wpcf7-list-item\"><label><input type=\"radio\" name=\"forma-zatrudnienia\" value=\"praca czasowa \/ Timework \/ Zeitarbeit\" \/><span class=\"wpcf7-list-item-label\">praca czasowa \/ Timework \/ Zeitarbeit<\/span><\/label><\/span><span class=\"wpcf7-list-item last\"><label><input type=\"radio\" name=\"forma-zatrudnienia\" value=\"pracobiorca \/ employee \/ Arbeitnehmer\" \/><span class=\"wpcf7-list-item-label\">pracobiorca \/ employee \/ Arbeitnehmer<\/span><\/label><\/span><\/span><\/span>\n   <\/div>\n<\/div>\n<div class=\"form-row\">\n  <div class=\"col-md-4\">\n    <label>Firma \/ Company \/ Unternehmen: <\/label>\n  <\/div>\n <div class=\"col-md-8\">\n<span class=\"wpcf7-form-control-wrap\" data-name=\"nazwa-firmy\"><input size=\"40\" maxlength=\"400\" class=\"wpcf7-form-control wpcf7-text wpcf7-validates-as-required form-control\" aria-required=\"true\" aria-invalid=\"false\" value=\"\" type=\"text\" name=\"nazwa-firmy\" \/><\/span>\n   <\/div>\n<\/div>\n<div class=\"form-row\">\n  <div class=\"col-md-4\">\n    <label>Adres \/ Adress \/ Anschrift: <\/label>\n  <\/div>\n <div class=\"col-md-8\">\n<span class=\"wpcf7-form-control-wrap\" data-name=\"adres-firmy\"><input size=\"40\" maxlength=\"400\" class=\"wpcf7-form-control wpcf7-text wpcf7-validates-as-required form-control\" aria-required=\"true\" aria-invalid=\"false\" value=\"\" type=\"text\" name=\"adres-firmy\" \/><\/span>\n   <\/div>\n<\/div>\n<div class=\"form-row\">\n  <div class=\"col-md-4\">\n    <label>Phone \/ Telefon:<\/label>\n  <\/div>\n <div class=\"col-md-8\">\n<span class=\"wpcf7-form-control-wrap\" data-name=\"telefon-firmy\"><input size=\"40\" maxlength=\"400\" class=\"wpcf7-form-control wpcf7-text wpcf7-validates-as-required form-control\" aria-required=\"true\" aria-invalid=\"false\" value=\"\" type=\"text\" name=\"telefon-firmy\" \/><\/span>\n   <\/div>\n<\/div>\n<div class=\"form-row\">\n  <div class=\"col-md-4\">\n    <label>Fax<\/label>\n  <\/div>\n <div class=\"col-md-8\">\n<span class=\"wpcf7-form-control-wrap\" data-name=\"fax-firmy\"><input size=\"40\" maxlength=\"400\" class=\"wpcf7-form-control wpcf7-text form-control\" aria-invalid=\"false\" value=\"\" type=\"text\" name=\"fax-firmy\" \/><\/span>\n   <\/div>\n<\/div>\n<div class=\"form-row\">\n  <div class=\"col-md-4\">\n    <label>E-mail<\/label>\n  <\/div>\n <div class=\"col-md-8\">\n<span class=\"wpcf7-form-control-wrap\" data-name=\"email-firmy\"><input size=\"40\" maxlength=\"400\" class=\"wpcf7-form-control wpcf7-email wpcf7-validates-as-required wpcf7-text wpcf7-validates-as-email form-control\" aria-required=\"true\" aria-invalid=\"false\" value=\"\" type=\"email\" name=\"email-firmy\" \/><\/span>\n   <\/div>\n<\/div>\n<div class=\"form-row\">\n  <div class=\"col-md-4\">\n    <label>WWW:<\/label>\n  <\/div>\n <div class=\"col-md-8\">\n<span class=\"wpcf7-form-control-wrap\" data-name=\"www-firmy\"><input size=\"40\" maxlength=\"400\" class=\"wpcf7-form-control wpcf7-text form-control\" aria-invalid=\"false\" value=\"\" type=\"text\" name=\"www-firmy\" \/><\/span>\n   <\/div>\n<\/div>\n<div class=\"form-row\">\n  <div class=\"col-md-4\">\n    <label>Informacje, pytania:<br\/>Additional Infos, questions:<br\/>zus\u00e4tzliche Infos, Fragen:<\/label>\n  <\/div>\n <div class=\"col-md-8\">\n<span class=\"wpcf7-form-control-wrap\" data-name=\"informacje-dodatkowe\"><textarea cols=\"40\" rows=\"10\" maxlength=\"2000\" class=\"wpcf7-form-control wpcf7-textarea form-control\" aria-invalid=\"false\" name=\"informacje-dodatkowe\"><\/textarea><\/span>\n   <\/div>\n<\/div>\n<div class=\"form-row\">\n<div class=\"col-md-12 text-right\">\n  <input class=\"wpcf7-form-control wpcf7-submit has-spinner btn btn-primary\" type=\"submit\" value=\"Wy\u015blij\" \/>\n<\/div>\n<\/div><\/div><div class=\"wpcf7-response-output\" aria-hidden=\"true\"><\/div>\n<\/form>\n<\/div>\n\n","protected":false},"excerpt":{"rendered":"<p>Klienci \/ pracodawcy Prosimy o okre\u015blenie swoich potrzeb &#8212; niezale\u017cnie czy chodzi o nasze us\u0142ugi rekrutacyjne, us\u0142ugi udost\u0119pniania pracownik\u00f3w, czy o zorganizowanie grupy podwykonawc\u00f3w, do\u0142o\u017cymy wszelkich stara\u0144, aby spe\u0142ni\u0107 Pa\u0144stwa oczekiwania. Aby temu sprosta\u0107 potrzebujemy mo\u017cliwie dok\u0142adn\u0105 informacj\u0119. Prosimy wype\u0142ni\u0107 wszystkie pola formularza zg\u0142oszeniowego! [wys\u0142anie zg\u0142oszenia nie rodzi \u017cadnych zobowi\u0105za\u0144] Clients \/ Employers Please let [&hellip;]<\/p>\n","protected":false},"author":2,"featured_media":1460,"parent":0,"menu_order":7,"comment_status":"closed","ping_status":"closed","template":"","meta":{"_acf_changed":false,"footnotes":""},"class_list":["post-3671","page","type-page","status-publish","has-post-thumbnail","hentry"],"translation":{"provider":"WPGlobus","version":"3.0.0","language":"ru","enabled_languages":["pl","en","de","ru"],"languages":{"pl":{"title":true,"content":true,"excerpt":false},"en":{"title":true,"content":true,"excerpt":false},"de":{"title":true,"content":true,"excerpt":false},"ru":{"title":true,"content":true,"excerpt":false}}},"acf":[],"_links":{"self":[{"href":"http:\/\/expateam.com\/ru\/wp-json\/wp\/v2\/pages\/3671","targetHints":{"allow":["GET"]}}],"collection":[{"href":"http:\/\/expateam.com\/ru\/wp-json\/wp\/v2\/pages"}],"about":[{"href":"http:\/\/expateam.com\/ru\/wp-json\/wp\/v2\/types\/page"}],"author":[{"embeddable":true,"href":"http:\/\/expateam.com\/ru\/wp-json\/wp\/v2\/users\/2"}],"replies":[{"embeddable":true,"href":"http:\/\/expateam.com\/ru\/wp-json\/wp\/v2\/comments?post=3671"}],"version-history":[{"count":2,"href":"http:\/\/expateam.com\/ru\/wp-json\/wp\/v2\/pages\/3671\/revisions"}],"predecessor-version":[{"id":4360,"href":"http:\/\/expateam.com\/ru\/wp-json\/wp\/v2\/pages\/3671\/revisions\/4360"}],"wp:featuredmedia":[{"embeddable":true,"href":"http:\/\/expateam.com\/ru\/wp-json\/wp\/v2\/media\/1460"}],"wp:attachment":[{"href":"http:\/\/expateam.com\/ru\/wp-json\/wp\/v2\/media?parent=3671"}],"curies":[{"name":"wp","href":"https:\/\/api.w.org\/{rel}","templated":true}]}}