{"id":190,"date":"2020-03-15T12:53:31","date_gmt":"2020-03-15T11:53:31","guid":{"rendered":"http:\/\/expateam.com\/?page_id=190"},"modified":"2020-03-15T12:53:31","modified_gmt":"2020-03-15T11:53:31","slug":"rekrutacja-i-udostepnianie-personelu","status":"publish","type":"page","link":"http:\/\/expateam.com\/ru\/rekrutacja-i-udostepnianie-personelu\/","title":{"rendered":"Us\u0142ugi rekrutacji i udost\u0119pnianie personelu"},"content":{"rendered":"<p><strong>Aby skorzysta\u0107 z naszych us\u0142ug w zakresie rekrutacji lub udost\u0119pniania pracownik\u00f3w prosimy o kontakt z naszym biurem w Zgorzelcu lub o wype\u0142nienie <a href=\"http:\/\/expateam.com\/zamowienie-personelu\/\">formularza zam\u00f3wienia personelu<\/a> na naszej stronie WWW.<\/strong><\/p>\n<p>&nbsp;<\/p>\n<h3>Koszty i warunki umowy<\/h3>\n<p>Cena us\u0142ugi jest pochodn\u0105 wysoko\u015bci wynagrodzenia pracownika tymczasowego, kt\u00f3re jest ustalane wsp\u00f3lnie z Pracodawc\u0105 U\u017cytkownikiem w oparciu o realia rynku pracy i sytuacj\u0119 w zak\u0142adzie pracy.<br \/>\nOpr\u00f3cz bie\u017c\u0105cego wynagrodzenia pracownika (stawki godzinowej) Agencja Pracy ponosi tak\u017ce inne koszty obci\u0105\u017caj\u0105ce pracodawc\u0119 do kt\u00f3rych zalicza si\u0119 przede wszystkim:<\/p>\n<p>:: wst\u0119pne badania lekarskie<br \/>\n:: og\u00f3lne szkolenie BHP<br \/>\n:: ZUS (cz\u0119\u015b\u0107 pracodawcy)<br \/>\n:: urlop<br \/>\n:: chorobowe<br \/>\n:: w niekt\u00f3rych przypadkach tak\u017ce zakwaterowanie i dowozy do pracy<\/p>\n<p>Og\u00f3lne warunki rekrutacji i udost\u0119pniania pracownik\u00f3w tymczasowych<br \/>\n<strong><a href=\"http:\/\/www.expateam.com\/downloads\/praca-tymczasowa-OWU.pdf\">www.expateam.com\/downloads\/praca-tymczasowa-OWU.pdf<\/a><\/strong><\/p>\n<p>Warunki po\u015brednictwa pracy<br \/>\n<strong><a href=\"http:\/\/www.expateam.com\/downloads\/aneks-posrednictwo-OWU.pdf\">www.expateam.com\/downloads\/aneks-posrednictwo-OWU.pdf<\/a><\/strong><\/p>\n","protected":false},"excerpt":{"rendered":"<p>Aby skorzysta\u0107 z naszych us\u0142ug w zakresie rekrutacji lub udost\u0119pniania pracownik\u00f3w prosimy o kontakt z naszym biurem w Zgorzelcu lub o wype\u0142nienie formularza zam\u00f3wienia personelu na naszej stronie WWW. &nbsp; Koszty i warunki umowy Cena us\u0142ugi jest pochodn\u0105 wysoko\u015bci wynagrodzenia pracownika tymczasowego, kt\u00f3re jest ustalane wsp\u00f3lnie z Pracodawc\u0105 U\u017cytkownikiem w oparciu o realia rynku pracy [&hellip;]<\/p>\n","protected":false},"author":1,"featured_media":0,"parent":0,"menu_order":14,"comment_status":"closed","ping_status":"closed","template":"","meta":{"_acf_changed":false,"footnotes":""},"tags":[],"class_list":["post-190","page","type-page","status-publish","hentry"],"translation":{"provider":"WPGlobus","version":"3.0.0","language":"ru","enabled_languages":["pl","en","de","ru"],"languages":{"pl":{"title":true,"content":true,"excerpt":false},"en":{"title":true,"content":true,"excerpt":false},"de":{"title":true,"content":true,"excerpt":false},"ru":{"title":false,"content":false,"excerpt":false}}},"acf":[],"_links":{"self":[{"href":"http:\/\/expateam.com\/ru\/wp-json\/wp\/v2\/pages\/190","targetHints":{"allow":["GET"]}}],"collection":[{"href":"http:\/\/expateam.com\/ru\/wp-json\/wp\/v2\/pages"}],"about":[{"href":"http:\/\/expateam.com\/ru\/wp-json\/wp\/v2\/types\/page"}],"author":[{"embeddable":true,"href":"http:\/\/expateam.com\/ru\/wp-json\/wp\/v2\/users\/1"}],"replies":[{"embeddable":true,"href":"http:\/\/expateam.com\/ru\/wp-json\/wp\/v2\/comments?post=190"}],"version-history":[{"count":0,"href":"http:\/\/expateam.com\/ru\/wp-json\/wp\/v2\/pages\/190\/revisions"}],"wp:attachment":[{"href":"http:\/\/expateam.com\/ru\/wp-json\/wp\/v2\/media?parent=190"}],"wp:term":[{"taxonomy":"post_tag","embeddable":true,"href":"http:\/\/expateam.com\/ru\/wp-json\/wp\/v2\/tags?post=190"}],"curies":[{"name":"wp","href":"https:\/\/api.w.org\/{rel}","templated":true}]}}