{"id":468,"date":"2020-09-21T09:51:27","date_gmt":"2020-09-21T07:51:27","guid":{"rendered":"http:\/\/expateam.com\/?page_id=468"},"modified":"2026-02-08T23:34:12","modified_gmt":"2026-02-08T22:34:12","slug":"rodo","status":"publish","type":"page","link":"http:\/\/expateam.com\/en\/rodo\/","title":{"rendered":"RODO"},"content":{"rendered":"<p>&nbsp;<\/p>\n\n<div class=\"wpcf7 no-js\" id=\"wpcf7-f474-o1\" lang=\"pl-PL\" dir=\"ltr\" data-wpcf7-id=\"474\">\n<div class=\"screen-reader-response\"><p role=\"status\" aria-live=\"polite\" aria-atomic=\"true\"><\/p> <ul><\/ul><\/div>\n<form action=\"\/en\/wp-json\/wp\/v2\/pages\/468#wpcf7-f474-o1\" method=\"post\" class=\"wpcf7-form init\" aria-label=\"Formularz kontaktowy\" novalidate=\"novalidate\" data-status=\"init\">\n<div style=\"display: none;\">\n<input type=\"hidden\" name=\"_wpcf7\" value=\"474\" \/>\n<input type=\"hidden\" name=\"_wpcf7_version\" value=\"6.0.6\" \/>\n<input type=\"hidden\" name=\"_wpcf7_locale\" value=\"pl_PL\" \/>\n<input type=\"hidden\" name=\"_wpcf7_unit_tag\" value=\"wpcf7-f474-o1\" \/>\n<input type=\"hidden\" name=\"_wpcf7_container_post\" value=\"0\" \/>\n<input type=\"hidden\" name=\"_wpcf7_posted_data_hash\" value=\"\" \/>\n<input type=\"hidden\" name=\"_wpcf7_recaptcha_response\" value=\"\" \/>\n<\/div>\n<div class=\"uacf7-form-474  \"><input class=\"wpcf7-form-control wpcf7-hidden\" value=\"\" type=\"hidden\" name=\"post-slug\" \/>\n<input class=\"wpcf7-form-control wpcf7-hidden\" value=\"\" type=\"hidden\" name=\"post-title\" \/>\n<div class=\"form-row\">\n  <div class=\"form-group col-md-12\">\n    <label for=\"Rodo-1\">Wyra\u017cam dobrowolnie zgod\u0119 na przetwarzanie przez Mi\u0119dzynarodow\u0105 Sp\u00f3\u0142dzielni\u0119 Us\u0142ugow\u0105 EXPATEAM z siedzib\u0105 w Zgorzelcu (59-900), przy ul. Armii Krajowej 51A oraz przez powi\u0105zane z ni\u0105 podmioty, moich danych osobowych, zawartych w dostarczonych przeze mnie dokumentach aplikacyjnych, dla potrzeb niezb\u0119dnych do realizacji procesu rekrutacyjnego.\n    <\/label><div class=\"form-group\">\n  <div class=\"mb-3\">\n    <span class=\"wpcf7-form-control-wrap\" data-name=\"rodo-1\"><span class=\"wpcf7-form-control wpcf7-radio\" id=\"rodo-1\"><span class=\"wpcf7-list-item first\"><input type=\"radio\" name=\"rodo-1\" value=\"TAK (wyra\u017cam zgod\u0119)\" checked=\"checked\" \/><span class=\"wpcf7-list-item-label\">TAK (wyra\u017cam zgod\u0119)<\/span><\/span><span class=\"wpcf7-list-item last\"><input type=\"radio\" name=\"rodo-1\" value=\"NIE (nie wyra\u017cam lub odwo\u0142uj\u0119 zgod\u0119)\" \/><span class=\"wpcf7-list-item-label\">NIE (nie wyra\u017cam lub odwo\u0142uj\u0119 zgod\u0119)<\/span><\/span><\/span><\/span>\n  <\/div>\n<\/div>\n\n<\/div>\n<\/div>\n<hr>\n<div class=\"form-row\">\n  <div class=\"form-group col-md-12\">\n    <label for=\"Rodo-2\">Ponadto, wyra\u017cam dobrowolnie zgod\u0119 na przetwarzanie przez Mi\u0119dzynarodow\u0105 Sp\u00f3\u0142dzielni\u0119 Us\u0142ugow\u0105 EXPATEAM z siedzib\u0105 w Zgorzelcu (59-900), przy ul. Armii Krajowej 51A oraz przez powi\u0105zane z ni\u0105 podmioty moich danych osobowych zawartych w dostarczonych przeze mnie dokumentach aplikacyjnych r\u00f3wnie\u017c w celu realizacji przysz\u0142ych proces\u00f3w rekrutacyjnych.<\/label><div class=\"form-group\">\n  <div class=\"mb-3\">\n    <span class=\"wpcf7-form-control-wrap\" data-name=\"rodo-2\"><span class=\"wpcf7-form-control wpcf7-radio\" id=\"rodo-2\"><span class=\"wpcf7-list-item first\"><input type=\"radio\" name=\"rodo-2\" value=\"TAK (wyra\u017cam zgod\u0119)\" checked=\"checked\" \/><span class=\"wpcf7-list-item-label\">TAK (wyra\u017cam zgod\u0119)<\/span><\/span><span class=\"wpcf7-list-item last\"><input type=\"radio\" name=\"rodo-2\" value=\"NIE (nie wyra\u017cam lub odwo\u0142uj\u0119 zgod\u0119)\" \/><span class=\"wpcf7-list-item-label\">NIE (nie wyra\u017cam lub odwo\u0142uj\u0119 zgod\u0119)<\/span><\/span><\/span><\/span>\n  <\/div>\n<\/div>\n\n<\/div>\n<\/div>\n<hr>\n<p class=\"text-center\">Prosimy poda\u0107 poni\u017csze dane w celu poprawnej identyfikacji<\/p>\n<p><\/p>\n<div class=\"form-row justify-content-center d-flex\">\n  <div class=\"form-group col-md-6\">\n    <label>Imi\u0119 i nazwisko<\/label><div class=\"form-group\">\n  <div class=\"mb-3\">\n    <span class=\"wpcf7-form-control-wrap\" data-name=\"ImieNazwisko\"><input size=\"40\" maxlength=\"400\" class=\"wpcf7-form-control wpcf7-text wpcf7-validates-as-required form-control\" aria-required=\"true\" aria-invalid=\"false\" value=\"\" type=\"text\" name=\"ImieNazwisko\" \/><\/span>\n  <\/div>\n<\/div>\n\n<\/div>\n<\/div>  \n<div class=\"form-row justify-content-center d-flex\">\n  <div class=\"form-group col-md-6\">\n    <label>Adres email<\/label><div class=\"form-group\">\n  <div class=\"mb-3\">\n    <span class=\"wpcf7-form-control-wrap\" data-name=\"email-rodo\"><input size=\"40\" maxlength=\"400\" class=\"wpcf7-form-control wpcf7-email wpcf7-validates-as-required wpcf7-text wpcf7-validates-as-email form-control\" aria-required=\"true\" aria-invalid=\"false\" value=\"\" type=\"email\" name=\"email-rodo\" \/><\/span>\n  <\/div>\n<\/div>\n\n<\/div>\n<\/div>   \n<div class=\"form-row justify-content-center d-flex\">\n<div class=\"col-md-6\">\n<label>Nr telefonu<\/label>\n<\/div>\n<\/div>   \n<div class=\"form-row justify-content-center d-flex\">  \n  <div class=\"form-group col-sm-2 col-md-2\"><div class=\"form-group\">\n  <div class=\"mb-3\">\n    [select* phone-prefix-rodo  \"+48\" \"+49\" class:form-control]\n  <\/div>\n<\/div>\n\n<\/div>\n  <div class=\"form-group col-sm-10 col-md-4\"><div class=\"form-group\">\n  <div class=\"mb-3\">\n    <span class=\"wpcf7-form-control-wrap\" data-name=\"phone-rodo\"><input size=\"40\" maxlength=\"400\" class=\"wpcf7-form-control wpcf7-text wpcf7-validates-as-required form-control\" aria-required=\"true\" aria-invalid=\"false\" value=\"\" type=\"text\" name=\"phone-rodo\" \/><\/span>\n  <\/div>\n<\/div>\n\n<\/div>\n<\/div>  \n<div class=\"form-row justify-content-center d-flex\">\n<div class=\"col-md-6 text-left\"><div class=\"form-group\">\n  <div class=\"mb-3\">\n    [quiz quiz-184 \"Rozwi\u0105\u017c r\u00f3wnanie 3+3=? | 6\" class:form-control]\n  <\/div>\n<\/div>\n\n<\/div>\n<\/div>\n<div class=\"form-row justify-content-center d-flex\">\n<div class=\"col-md-6 text-right\"><div class=\"form-group\">\n  <div class=\"mb-3\">\n    <input class=\"wpcf7-form-control wpcf7-submit has-spinner\" type=\"submit\" value=\"Wy\u015blij\" \/>\n  <\/div>\n<\/div>\n\n<\/div>\n<\/div><\/div><div class=\"wpcf7-response-output\" aria-hidden=\"true\"><\/div>\n<\/form>\n<\/div>\n\n","protected":false},"excerpt":{"rendered":"<p>&nbsp;<\/p>\n","protected":false},"author":1,"featured_media":780,"parent":0,"menu_order":4,"comment_status":"closed","ping_status":"closed","template":"","meta":{"_acf_changed":false,"footnotes":""},"class_list":["post-468","page","type-page","status-publish","has-post-thumbnail","hentry"],"translation":{"provider":"WPGlobus","version":"3.0.0","language":"en","enabled_languages":["pl","en","de","ru"],"languages":{"pl":{"title":true,"content":true,"excerpt":false},"en":{"title":true,"content":true,"excerpt":false},"de":{"title":false,"content":false,"excerpt":false},"ru":{"title":true,"content":true,"excerpt":false}}},"acf":[],"_links":{"self":[{"href":"http:\/\/expateam.com\/en\/wp-json\/wp\/v2\/pages\/468","targetHints":{"allow":["GET"]}}],"collection":[{"href":"http:\/\/expateam.com\/en\/wp-json\/wp\/v2\/pages"}],"about":[{"href":"http:\/\/expateam.com\/en\/wp-json\/wp\/v2\/types\/page"}],"author":[{"embeddable":true,"href":"http:\/\/expateam.com\/en\/wp-json\/wp\/v2\/users\/1"}],"replies":[{"embeddable":true,"href":"http:\/\/expateam.com\/en\/wp-json\/wp\/v2\/comments?post=468"}],"version-history":[{"count":8,"href":"http:\/\/expateam.com\/en\/wp-json\/wp\/v2\/pages\/468\/revisions"}],"predecessor-version":[{"id":5379,"href":"http:\/\/expateam.com\/en\/wp-json\/wp\/v2\/pages\/468\/revisions\/5379"}],"wp:featuredmedia":[{"embeddable":true,"href":"http:\/\/expateam.com\/en\/wp-json\/wp\/v2\/media\/780"}],"wp:attachment":[{"href":"http:\/\/expateam.com\/en\/wp-json\/wp\/v2\/media?parent=468"}],"curies":[{"name":"wp","href":"https:\/\/api.w.org\/{rel}","templated":true}]}}