{"id":461,"date":"2020-09-20T19:20:30","date_gmt":"2020-09-20T17:20:30","guid":{"rendered":"http:\/\/expateam.com\/home-%d1%80%d1%83%d1%81%d1%81%d0%ba%d0%b8%d0%b9\/"},"modified":"2020-11-30T20:46:09","modified_gmt":"2020-11-30T19:46:09","slug":"home-%d1%80%d1%83%d1%81%d1%81%d0%ba%d0%b8%d0%b9","status":"publish","type":"page","link":"http:\/\/expateam.com\/de\/home-%d1%80%d1%83%d1%81%d1%81%d0%ba%d0%b8%d0%b9\/","title":{"rendered":"\u0170ber uns"},"content":{"rendered":"<div class=\"pagecontent\">\n<p>Unsere Organisation vereint zahlreiche Einzelunternehmer und Klienbetriebe aus der Bau-\/ Montagebranchen unter einem Firmennamen. Wir nutzen die EU-Dienstleistungsfreiheit um unsere Dienstlesitungen als Subunternehmer in verschiedenen EU-L\u00e4ndern anzubieten.<\/p>\n<p><strong>Unsere Mission ist die Arbeitnehmermigration und Dienstleistungsfreiheit auf dem Gebiet der Europ\u00e4ischen Union zu f\u00f6rdern und als Organisation daran teilzunehmen. Wir glauben dadurch unseren bescheidenen Beitrag zum Aufbau des gesamteurop\u00e4ischen Arbeits- und Dienstleistungsmarktes als auch zu der Intergation der Nationen Europas zu leisten. <\/strong><\/p>\n<p>Das B\u00fcro unserer Genossenschaft (in der Stadt and der deutsch-polnischen Grenze Zgorzelec \/ G\u00f6rlitz) ist f\u00fcr Kundenkontakte und gesch\u00e4ftliche Formalit\u00e4ten zust\u00e4ndig. Unser Ziel ist uns in unseren Auslandsaktivit\u00e4ten selbst zu helfen. Unsere Genossenschaft hilft den Mitgliedern, \u00fcbernimmt die Organisationsaufgaben bei gr\u00f6sseren Projekten, als auch tritt den Kunden gegen\u00fcber als Vertragspartei auf.<\/p>\n<p><a href=\"http:\/\/de.wikipedia.org\/wiki\/Genossenschaft\" target=\"blank\" rel=\"noopener noreferrer\"><em>http:\/\/de.wikipedia.org\/wiki\/Genossenschaft<\/em><\/a><\/p>\n<p>::<\/p>\n<\/div>\n","protected":false},"excerpt":{"rendered":"<p>Unsere Organisation vereint zahlreiche Einzelunternehmer und Klienbetriebe aus der Bau-\/ Montagebranchen unter einem Firmennamen. Wir nutzen die EU-Dienstleistungsfreiheit um unsere Dienstlesitungen als Subunternehmer in verschiedenen EU-L\u00e4ndern anzubieten. Unsere Mission ist die Arbeitnehmermigration und Dienstleistungsfreiheit auf dem Gebiet der Europ\u00e4ischen Union zu f\u00f6rdern und als Organisation daran teilzunehmen. Wir glauben dadurch unseren bescheidenen Beitrag zum Aufbau [&hellip;]<\/p>\n","protected":false},"author":1,"featured_media":0,"parent":0,"menu_order":5,"comment_status":"closed","ping_status":"closed","template":"","meta":{"_acf_changed":false,"footnotes":""},"tags":[],"class_list":["post-461","page","type-page","status-publish","hentry"],"translation":{"provider":"WPGlobus","version":"3.0.0","language":"de","enabled_languages":["pl","en","de","ru"],"languages":{"pl":{"title":true,"content":false,"excerpt":false},"en":{"title":false,"content":false,"excerpt":false},"de":{"title":true,"content":true,"excerpt":false},"ru":{"title":true,"content":false,"excerpt":false}}},"acf":[],"_links":{"self":[{"href":"http:\/\/expateam.com\/de\/wp-json\/wp\/v2\/pages\/461","targetHints":{"allow":["GET"]}}],"collection":[{"href":"http:\/\/expateam.com\/de\/wp-json\/wp\/v2\/pages"}],"about":[{"href":"http:\/\/expateam.com\/de\/wp-json\/wp\/v2\/types\/page"}],"author":[{"embeddable":true,"href":"http:\/\/expateam.com\/de\/wp-json\/wp\/v2\/users\/1"}],"replies":[{"embeddable":true,"href":"http:\/\/expateam.com\/de\/wp-json\/wp\/v2\/comments?post=461"}],"version-history":[{"count":1,"href":"http:\/\/expateam.com\/de\/wp-json\/wp\/v2\/pages\/461\/revisions"}],"predecessor-version":[{"id":1420,"href":"http:\/\/expateam.com\/de\/wp-json\/wp\/v2\/pages\/461\/revisions\/1420"}],"wp:attachment":[{"href":"http:\/\/expateam.com\/de\/wp-json\/wp\/v2\/media?parent=461"}],"wp:term":[{"taxonomy":"post_tag","embeddable":true,"href":"http:\/\/expateam.com\/de\/wp-json\/wp\/v2\/tags?post=461"}],"curies":[{"name":"wp","href":"https:\/\/api.w.org\/{rel}","templated":true}]}}