{"id":3818,"date":"2023-11-11T23:47:25","date_gmt":"2023-11-11T22:47:25","guid":{"rendered":"http:\/\/expateam.com\/?page_id=3818"},"modified":"2023-11-12T18:16:44","modified_gmt":"2023-11-12T17:16:44","slug":"exit","status":"publish","type":"page","link":"http:\/\/expateam.com\/de\/exit\/","title":{"rendered":"Dzi\u0119kujemy za wsp\u00f3\u0142prac\u0119 z Mi\u0119dzynarodow\u0105 Sp\u00f3\u0142dzielni\u0105 Us\u0142ugow\u0105 EXPATEAM!"},"content":{"rendered":"<p><a href=\"http:\/\/expateam.com\/wp-content\/uploads\/2023\/11\/Spirit-aircraft-in-flight-from-rear.webp\"><img fetchpriority=\"high\" decoding=\"async\" class=\"alignnone wp-image-3820\" src=\"http:\/\/expateam.com\/wp-content\/uploads\/2023\/11\/Spirit-aircraft-in-flight-from-rear-300x137.webp\" alt=\"\" width=\"817\" height=\"373\" srcset=\"http:\/\/expateam.com\/wp-content\/uploads\/2023\/11\/Spirit-aircraft-in-flight-from-rear-300x137.webp 300w, http:\/\/expateam.com\/wp-content\/uploads\/2023\/11\/Spirit-aircraft-in-flight-from-rear-1024x469.webp 1024w, http:\/\/expateam.com\/wp-content\/uploads\/2023\/11\/Spirit-aircraft-in-flight-from-rear-768x352.webp 768w, http:\/\/expateam.com\/wp-content\/uploads\/2023\/11\/Spirit-aircraft-in-flight-from-rear.webp 1420w\" sizes=\"(max-width: 817px) 100vw, 817px\" \/><\/a><br \/>\n\n<div class=\"wpcf7 no-js\" id=\"wpcf7-f3817-o1\" lang=\"pl-PL\" dir=\"ltr\" data-wpcf7-id=\"3817\">\n<div class=\"screen-reader-response\"><p role=\"status\" aria-live=\"polite\" aria-atomic=\"true\"><\/p> <ul><\/ul><\/div>\n<form action=\"\/de\/wp-json\/wp\/v2\/pages\/3818#wpcf7-f3817-o1\" method=\"post\" class=\"wpcf7-form init\" aria-label=\"Formularz kontaktowy\" novalidate=\"novalidate\" data-status=\"init\">\n<div style=\"display: none;\">\n<input type=\"hidden\" name=\"_wpcf7\" value=\"3817\" \/>\n<input type=\"hidden\" name=\"_wpcf7_version\" value=\"6.0.6\" \/>\n<input type=\"hidden\" name=\"_wpcf7_locale\" value=\"pl_PL\" \/>\n<input type=\"hidden\" name=\"_wpcf7_unit_tag\" value=\"wpcf7-f3817-o1\" \/>\n<input type=\"hidden\" name=\"_wpcf7_container_post\" value=\"0\" \/>\n<input type=\"hidden\" name=\"_wpcf7_posted_data_hash\" value=\"\" \/>\n<input type=\"hidden\" name=\"_wpcf7_recaptcha_response\" value=\"\" \/>\n<\/div>\n<div class=\"uacf7-form-3817  \"><div class=\"mb-3\">\n  <label>Nasza wsp\u00f3\u0142praca niedawno dobieg\u0142a ko\u0144ca. Prosimy o jej ocen\u0119. Twoja opinia ma dla nas znaczenie.<\/label>\n<\/div>\n\n<div class=\"mb-3\">\n  <label>warunki pracy<\/label>\n  \t\t<span data-name=\"warunkipracy\"\n\t\t\tclass=\"wpcf7-form-control-wrap warunkipracy\">\n\t\t\t<span class=\"wpcf7-form-control wpcf7-uacf7_star_rating uacf7-rating\" aria-invalid=\"false\">\n\t\t\t\t<label>\n\t\t\t\t\t<input type=\"radio\" name=\"warunkipracy\" value=\"1\"\n\t\t\t\t\t\t checked='checked' \/>\n\t\t\t\t\t<span class=\"icon\"><i class=\"fas fa-star\"><\/i><\/span>\n\t\t\t\t<\/label>\n\t\t\t\t<label>\n\t\t\t\t\t<input type=\"radio\" name=\"warunkipracy\" value=\"2\"\n\t\t\t\t\t\t \/>\n\t\t\t\t\t<span class=\"icon\"><i class=\"fas fa-star\"><\/i><\/span>\n\t\t\t\t\t<span class=\"icon\"><i class=\"fas fa-star\"><\/i><\/span>\n\t\t\t\t<\/label>\n\t\t\t\t<label>\n\t\t\t\t\t<input type=\"radio\" name=\"warunkipracy\" value=\"3\"\n\t\t\t\t\t\t \/>\n\t\t\t\t\t<span class=\"icon\"><i class=\"fas fa-star\"><\/i><\/span>\n\t\t\t\t\t<span class=\"icon\"><i class=\"fas fa-star\"><\/i><\/span>\n\t\t\t\t\t<span class=\"icon\"><i class=\"fas fa-star\"><\/i><\/span>\n\t\t\t\t<\/label>\n\t\t\t\t<label>\n\t\t\t\t\t<input type=\"radio\" name=\"warunkipracy\" value=\"4\"\n\t\t\t\t\t\t \/>\n\t\t\t\t\t<span class=\"icon\"><i class=\"fas fa-star\"><\/i><\/span>\n\t\t\t\t\t<span class=\"icon\"><i class=\"fas fa-star\"><\/i><\/span>\n\t\t\t\t\t<span class=\"icon\"><i class=\"fas fa-star\"><\/i><\/span>\n\t\t\t\t\t<span class=\"icon\"><i class=\"fas fa-star\"><\/i><\/span>\n\t\t\t\t<\/label>\n\t\t\t\t<label>\n\t\t\t\t\t<input type=\"radio\" name=\"warunkipracy\" value=\"5\"\n\t\t\t\t\t\t \/>\n\t\t\t\t\t<span class=\"icon\"><i class=\"fas fa-star\"><\/i><\/span>\n\t\t\t\t\t<span class=\"icon\"><i class=\"fas fa-star\"><\/i><\/span>\n\t\t\t\t\t<span class=\"icon\"><i class=\"fas fa-star\"><\/i><\/span>\n\t\t\t\t\t<span class=\"icon\"><i class=\"fas fa-star\"><\/i><\/span>\n\t\t\t\t\t<span class=\"icon\"><i class=\"fas fa-star\"><\/i><\/span>\n\t\t\t\t<\/label>\n\n\t\t\t<\/span>\n\t\t<\/span>\n\t\t<span>\n\t\t\t\t\t<\/span>\n\n\t\t\n<\/div>\n\n<div class=\"mb-3\">\n  <label>zarobki<\/label>\n  \t\t<span data-name=\"zarobki\"\n\t\t\tclass=\"wpcf7-form-control-wrap zarobki\">\n\t\t\t<span class=\"wpcf7-form-control wpcf7-uacf7_star_rating uacf7-rating\" aria-invalid=\"false\">\n\t\t\t\t<label>\n\t\t\t\t\t<input type=\"radio\" name=\"zarobki\" value=\"1\"\n\t\t\t\t\t\t checked='checked' \/>\n\t\t\t\t\t<span class=\"icon\"><i class=\"fas fa-star\"><\/i><\/span>\n\t\t\t\t<\/label>\n\t\t\t\t<label>\n\t\t\t\t\t<input type=\"radio\" name=\"zarobki\" value=\"2\"\n\t\t\t\t\t\t \/>\n\t\t\t\t\t<span class=\"icon\"><i class=\"fas fa-star\"><\/i><\/span>\n\t\t\t\t\t<span class=\"icon\"><i class=\"fas fa-star\"><\/i><\/span>\n\t\t\t\t<\/label>\n\t\t\t\t<label>\n\t\t\t\t\t<input type=\"radio\" name=\"zarobki\" value=\"3\"\n\t\t\t\t\t\t \/>\n\t\t\t\t\t<span class=\"icon\"><i class=\"fas fa-star\"><\/i><\/span>\n\t\t\t\t\t<span class=\"icon\"><i class=\"fas fa-star\"><\/i><\/span>\n\t\t\t\t\t<span class=\"icon\"><i class=\"fas fa-star\"><\/i><\/span>\n\t\t\t\t<\/label>\n\t\t\t\t<label>\n\t\t\t\t\t<input type=\"radio\" name=\"zarobki\" value=\"4\"\n\t\t\t\t\t\t \/>\n\t\t\t\t\t<span class=\"icon\"><i class=\"fas fa-star\"><\/i><\/span>\n\t\t\t\t\t<span class=\"icon\"><i class=\"fas fa-star\"><\/i><\/span>\n\t\t\t\t\t<span class=\"icon\"><i class=\"fas fa-star\"><\/i><\/span>\n\t\t\t\t\t<span class=\"icon\"><i class=\"fas fa-star\"><\/i><\/span>\n\t\t\t\t<\/label>\n\t\t\t\t<label>\n\t\t\t\t\t<input type=\"radio\" name=\"zarobki\" value=\"5\"\n\t\t\t\t\t\t \/>\n\t\t\t\t\t<span class=\"icon\"><i class=\"fas fa-star\"><\/i><\/span>\n\t\t\t\t\t<span class=\"icon\"><i class=\"fas fa-star\"><\/i><\/span>\n\t\t\t\t\t<span class=\"icon\"><i class=\"fas fa-star\"><\/i><\/span>\n\t\t\t\t\t<span class=\"icon\"><i class=\"fas fa-star\"><\/i><\/span>\n\t\t\t\t\t<span class=\"icon\"><i class=\"fas fa-star\"><\/i><\/span>\n\t\t\t\t<\/label>\n\n\t\t\t<\/span>\n\t\t<\/span>\n\t\t<span>\n\t\t\t\t\t<\/span>\n\n\t\t\n<\/div>\n\n<div class=\"mb-3\">\n  <label>zakwaterowanie<\/label>\n  \t\t<span data-name=\"zakwaterowanie\"\n\t\t\tclass=\"wpcf7-form-control-wrap zakwaterowanie\">\n\t\t\t<span class=\"wpcf7-form-control wpcf7-uacf7_star_rating uacf7-rating\" aria-invalid=\"false\">\n\t\t\t\t<label>\n\t\t\t\t\t<input type=\"radio\" name=\"zakwaterowanie\" value=\"1\"\n\t\t\t\t\t\t checked='checked' \/>\n\t\t\t\t\t<span class=\"icon\"><i class=\"fas fa-star\"><\/i><\/span>\n\t\t\t\t<\/label>\n\t\t\t\t<label>\n\t\t\t\t\t<input type=\"radio\" name=\"zakwaterowanie\" value=\"2\"\n\t\t\t\t\t\t \/>\n\t\t\t\t\t<span class=\"icon\"><i class=\"fas fa-star\"><\/i><\/span>\n\t\t\t\t\t<span class=\"icon\"><i class=\"fas fa-star\"><\/i><\/span>\n\t\t\t\t<\/label>\n\t\t\t\t<label>\n\t\t\t\t\t<input type=\"radio\" name=\"zakwaterowanie\" value=\"3\"\n\t\t\t\t\t\t \/>\n\t\t\t\t\t<span class=\"icon\"><i class=\"fas fa-star\"><\/i><\/span>\n\t\t\t\t\t<span class=\"icon\"><i class=\"fas fa-star\"><\/i><\/span>\n\t\t\t\t\t<span class=\"icon\"><i class=\"fas fa-star\"><\/i><\/span>\n\t\t\t\t<\/label>\n\t\t\t\t<label>\n\t\t\t\t\t<input type=\"radio\" name=\"zakwaterowanie\" value=\"4\"\n\t\t\t\t\t\t \/>\n\t\t\t\t\t<span class=\"icon\"><i class=\"fas fa-star\"><\/i><\/span>\n\t\t\t\t\t<span class=\"icon\"><i class=\"fas fa-star\"><\/i><\/span>\n\t\t\t\t\t<span class=\"icon\"><i class=\"fas fa-star\"><\/i><\/span>\n\t\t\t\t\t<span class=\"icon\"><i class=\"fas fa-star\"><\/i><\/span>\n\t\t\t\t<\/label>\n\t\t\t\t<label>\n\t\t\t\t\t<input type=\"radio\" name=\"zakwaterowanie\" value=\"5\"\n\t\t\t\t\t\t \/>\n\t\t\t\t\t<span class=\"icon\"><i class=\"fas fa-star\"><\/i><\/span>\n\t\t\t\t\t<span class=\"icon\"><i class=\"fas fa-star\"><\/i><\/span>\n\t\t\t\t\t<span class=\"icon\"><i class=\"fas fa-star\"><\/i><\/span>\n\t\t\t\t\t<span class=\"icon\"><i class=\"fas fa-star\"><\/i><\/span>\n\t\t\t\t\t<span class=\"icon\"><i class=\"fas fa-star\"><\/i><\/span>\n\t\t\t\t<\/label>\n\n\t\t\t<\/span>\n\t\t<\/span>\n\t\t<span>\n\t\t\t\t\t<\/span>\n\n\t\t\n<\/div>\n\n<div class=\"mb-3\">\n  <label>realacje z lud\u017ami<\/label>\n  \t\t<span data-name=\"relacje\"\n\t\t\tclass=\"wpcf7-form-control-wrap relacje\">\n\t\t\t<span class=\"wpcf7-form-control wpcf7-uacf7_star_rating uacf7-rating\" aria-invalid=\"false\">\n\t\t\t\t<label>\n\t\t\t\t\t<input type=\"radio\" name=\"relacje\" value=\"1\"\n\t\t\t\t\t\t checked='checked' \/>\n\t\t\t\t\t<span class=\"icon\"><i class=\"fas fa-star\"><\/i><\/span>\n\t\t\t\t<\/label>\n\t\t\t\t<label>\n\t\t\t\t\t<input type=\"radio\" name=\"relacje\" value=\"2\"\n\t\t\t\t\t\t \/>\n\t\t\t\t\t<span class=\"icon\"><i class=\"fas fa-star\"><\/i><\/span>\n\t\t\t\t\t<span class=\"icon\"><i class=\"fas fa-star\"><\/i><\/span>\n\t\t\t\t<\/label>\n\t\t\t\t<label>\n\t\t\t\t\t<input type=\"radio\" name=\"relacje\" value=\"3\"\n\t\t\t\t\t\t \/>\n\t\t\t\t\t<span class=\"icon\"><i class=\"fas fa-star\"><\/i><\/span>\n\t\t\t\t\t<span class=\"icon\"><i class=\"fas fa-star\"><\/i><\/span>\n\t\t\t\t\t<span class=\"icon\"><i class=\"fas fa-star\"><\/i><\/span>\n\t\t\t\t<\/label>\n\t\t\t\t<label>\n\t\t\t\t\t<input type=\"radio\" name=\"relacje\" value=\"4\"\n\t\t\t\t\t\t \/>\n\t\t\t\t\t<span class=\"icon\"><i class=\"fas fa-star\"><\/i><\/span>\n\t\t\t\t\t<span class=\"icon\"><i class=\"fas fa-star\"><\/i><\/span>\n\t\t\t\t\t<span class=\"icon\"><i class=\"fas fa-star\"><\/i><\/span>\n\t\t\t\t\t<span class=\"icon\"><i class=\"fas fa-star\"><\/i><\/span>\n\t\t\t\t<\/label>\n\t\t\t\t<label>\n\t\t\t\t\t<input type=\"radio\" name=\"relacje\" value=\"5\"\n\t\t\t\t\t\t \/>\n\t\t\t\t\t<span class=\"icon\"><i class=\"fas fa-star\"><\/i><\/span>\n\t\t\t\t\t<span class=\"icon\"><i class=\"fas fa-star\"><\/i><\/span>\n\t\t\t\t\t<span class=\"icon\"><i class=\"fas fa-star\"><\/i><\/span>\n\t\t\t\t\t<span class=\"icon\"><i class=\"fas fa-star\"><\/i><\/span>\n\t\t\t\t\t<span class=\"icon\"><i class=\"fas fa-star\"><\/i><\/span>\n\t\t\t\t<\/label>\n\n\t\t\t<\/span>\n\t\t<\/span>\n\t\t<span>\n\t\t\t\t\t<\/span>\n\n\t\t\n<\/div>\n\n<div class=\"mb-3\">\n  <label>Wsparcie ze strony EXPATEAM<\/label>\n  \t\t<span data-name=\"wsparcie\"\n\t\t\tclass=\"wpcf7-form-control-wrap wsparcie\">\n\t\t\t<span class=\"wpcf7-form-control wpcf7-uacf7_star_rating uacf7-rating\" aria-invalid=\"false\">\n\t\t\t\t<label>\n\t\t\t\t\t<input type=\"radio\" name=\"wsparcie\" value=\"1\"\n\t\t\t\t\t\t checked='checked' \/>\n\t\t\t\t\t<span class=\"icon\"><i class=\"fas fa-star\"><\/i><\/span>\n\t\t\t\t<\/label>\n\t\t\t\t<label>\n\t\t\t\t\t<input type=\"radio\" name=\"wsparcie\" value=\"2\"\n\t\t\t\t\t\t \/>\n\t\t\t\t\t<span class=\"icon\"><i class=\"fas fa-star\"><\/i><\/span>\n\t\t\t\t\t<span class=\"icon\"><i class=\"fas fa-star\"><\/i><\/span>\n\t\t\t\t<\/label>\n\t\t\t\t<label>\n\t\t\t\t\t<input type=\"radio\" name=\"wsparcie\" value=\"3\"\n\t\t\t\t\t\t \/>\n\t\t\t\t\t<span class=\"icon\"><i class=\"fas fa-star\"><\/i><\/span>\n\t\t\t\t\t<span class=\"icon\"><i class=\"fas fa-star\"><\/i><\/span>\n\t\t\t\t\t<span class=\"icon\"><i class=\"fas fa-star\"><\/i><\/span>\n\t\t\t\t<\/label>\n\t\t\t\t<label>\n\t\t\t\t\t<input type=\"radio\" name=\"wsparcie\" value=\"4\"\n\t\t\t\t\t\t \/>\n\t\t\t\t\t<span class=\"icon\"><i class=\"fas fa-star\"><\/i><\/span>\n\t\t\t\t\t<span class=\"icon\"><i class=\"fas fa-star\"><\/i><\/span>\n\t\t\t\t\t<span class=\"icon\"><i class=\"fas fa-star\"><\/i><\/span>\n\t\t\t\t\t<span class=\"icon\"><i class=\"fas fa-star\"><\/i><\/span>\n\t\t\t\t<\/label>\n\t\t\t\t<label>\n\t\t\t\t\t<input type=\"radio\" name=\"wsparcie\" value=\"5\"\n\t\t\t\t\t\t \/>\n\t\t\t\t\t<span class=\"icon\"><i class=\"fas fa-star\"><\/i><\/span>\n\t\t\t\t\t<span class=\"icon\"><i class=\"fas fa-star\"><\/i><\/span>\n\t\t\t\t\t<span class=\"icon\"><i class=\"fas fa-star\"><\/i><\/span>\n\t\t\t\t\t<span class=\"icon\"><i class=\"fas fa-star\"><\/i><\/span>\n\t\t\t\t\t<span class=\"icon\"><i class=\"fas fa-star\"><\/i><\/span>\n\t\t\t\t<\/label>\n\n\t\t\t<\/span>\n\t\t<\/span>\n\t\t<span>\n\t\t\t\t\t<\/span>\n\n\t\t\n<\/div>\n\n<div class=\"mb-3\">\n  <label>Czy w przysz\u0142o\u015bci by\u0142by\u015b got\u00f3w ponownie wsp\u00f3\u0142pracowa\u0107 z EXPATEAM?<\/label>\n  <span class=\"wpcf7-form-control-wrap\" data-name=\"radio-448\"><span class=\"wpcf7-form-control wpcf7-radio\"><span class=\"wpcf7-list-item first\"><label><input type=\"radio\" name=\"radio-448\" value=\"TAK\" \/><span class=\"wpcf7-list-item-label\">TAK<\/span><\/label><\/span><span class=\"wpcf7-list-item last\"><label><input type=\"radio\" name=\"radio-448\" value=\"NIE\" \/><span class=\"wpcf7-list-item-label\">NIE<\/span><\/label><\/span><\/span><\/span>\n<\/div>\n\n<div class=\"mb-3\">\n  <label>Czy masz jakie\u015b sugestie, co mogliby\u015bmy robi\u0107 lepiej?<\/label>\n  <span class=\"wpcf7-form-control-wrap\" data-name=\"your-message\"><textarea cols=\"40\" rows=\"10\" maxlength=\"2000\" class=\"wpcf7-form-control wpcf7-textarea form-control\" aria-invalid=\"false\" name=\"your-message\"><\/textarea><\/span>\n<\/div>\n\n<div class=\"mb-3\">\n  <label>Jaki wykonywa\u0142e\u015b zaw\u00f3d<\/label>\n  <span class=\"wpcf7-form-control-wrap\" data-name=\"zawod\"><input size=\"40\" maxlength=\"400\" class=\"wpcf7-form-control wpcf7-text wpcf7-validates-as-required form-control\" aria-required=\"true\" aria-invalid=\"false\" value=\"\" type=\"text\" name=\"zawod\" \/><\/span>\n<\/div>\n\n<div class=\"mb-3\">\n  <label>Twoje imi\u0119?<\/label>\n  <span class=\"wpcf7-form-control-wrap\" data-name=\"your-name\"><input size=\"40\" maxlength=\"400\" class=\"wpcf7-form-control wpcf7-text wpcf7-validates-as-required form-control\" aria-required=\"true\" aria-invalid=\"false\" value=\"\" type=\"text\" name=\"your-name\" \/><\/span>\n<\/div>\n\n<div class=\"mb-3\">\n  <span class=\"wpcf7-form-control-wrap\" data-name=\"spam-check\"><label><span class=\"wpcf7-quiz-label\">3 + 5 =<\/span> <input size=\"40\" class=\"wpcf7-form-control wpcf7-quiz\" autocomplete=\"off\" aria-required=\"true\" aria-invalid=\"false\" type=\"text\" name=\"spam-check\" \/><\/label><input type=\"hidden\" name=\"_wpcf7_quiz_answer_spam-check\" value=\"8ee827772dae4545f07964df01c9d2e6\" \/><\/span>\n<\/div>\n\n<div class=\"mb-3\">\n  <input class=\"wpcf7-form-control wpcf7-submit has-spinner btn btn-primary\" type=\"submit\" value=\"Wy\u015blij\" \/>\n<\/div><\/div><div class=\"wpcf7-response-output\" aria-hidden=\"true\"><\/div>\n<\/form>\n<\/div>\n<\/p>\n","protected":false},"excerpt":{"rendered":"","protected":false},"author":1,"featured_media":0,"parent":0,"menu_order":0,"comment_status":"closed","ping_status":"closed","template":"","meta":{"_acf_changed":false,"footnotes":""},"class_list":["post-3818","page","type-page","status-publish","hentry"],"translation":{"provider":"WPGlobus","version":"3.0.0","language":"de","enabled_languages":["pl","en","de","ru"],"languages":{"pl":{"title":true,"content":true,"excerpt":false},"en":{"title":false,"content":false,"excerpt":false},"de":{"title":false,"content":false,"excerpt":false},"ru":{"title":false,"content":false,"excerpt":false}}},"acf":[],"_links":{"self":[{"href":"http:\/\/expateam.com\/de\/wp-json\/wp\/v2\/pages\/3818","targetHints":{"allow":["GET"]}}],"collection":[{"href":"http:\/\/expateam.com\/de\/wp-json\/wp\/v2\/pages"}],"about":[{"href":"http:\/\/expateam.com\/de\/wp-json\/wp\/v2\/types\/page"}],"author":[{"embeddable":true,"href":"http:\/\/expateam.com\/de\/wp-json\/wp\/v2\/users\/1"}],"replies":[{"embeddable":true,"href":"http:\/\/expateam.com\/de\/wp-json\/wp\/v2\/comments?post=3818"}],"version-history":[{"count":5,"href":"http:\/\/expateam.com\/de\/wp-json\/wp\/v2\/pages\/3818\/revisions"}],"predecessor-version":[{"id":3824,"href":"http:\/\/expateam.com\/de\/wp-json\/wp\/v2\/pages\/3818\/revisions\/3824"}],"wp:attachment":[{"href":"http:\/\/expateam.com\/de\/wp-json\/wp\/v2\/media?parent=3818"}],"curies":[{"name":"wp","href":"https:\/\/api.w.org\/{rel}","templated":true}]}}